{"id":56,"date":"2025-02-27T19:41:23","date_gmt":"2025-02-27T18:41:23","guid":{"rendered":"https:\/\/wahrnehmungsbericht.aekwien.at\/2024\/?page_id=56"},"modified":"2025-03-25T14:26:39","modified_gmt":"2025-03-25T13:26:39","slug":"vorwort","status":"publish","type":"page","link":"https:\/\/wahrnehmungsbericht.aekwien.at\/2024\/vorwort\/","title":{"rendered":"Vorwort"},"content":{"rendered":"\n<h1 class=\"wp-block-heading has-text-align-center\" style=\"border-style:none;border-width:0px\">Sehr geehrte Kolleg*Innen!<\/h1>\n\n\n<div  class=\"akw-block-spacing akw-block-spacing--cac39cc85fc0bd689ad5032f5f068d7b\"><\/div>\n<style>\n        <\/style>\n\n\n<div class=\"wp-block-columns is-layout-flex wp-container-core-columns-is-layout-28f84493 wp-block-columns-is-layout-flex\">\n<div class=\"wp-block-column is-layout-flow wp-block-column-is-layout-flow\">\n<div class=\"wp-block-columns is-layout-flex wp-container-core-columns-is-layout-28f84493 wp-block-columns-is-layout-flex\">\n<div class=\"wp-block-column is-layout-flow wp-block-column-is-layout-flow\">\n<p>Die Kammer f\u00fcr \u00c4rztinnen und \u00c4rzte in Wien mit ihren Funktion\u00e4r*innen und Mitarbeiter*innen als Interessenvertretung aller Wiener \u00c4rzt*innen ist ein entscheidender Faktor bei gesundheitspolitischen Entscheidungen \u2013 und zwar auf Landes- wie auch auf Bundesebene. Sie gestaltet den gesundheitspolitischen Weg unserer Stadt und auch \u00d6sterreichs eindrucksvoll, und das im Gesetzgebungsprozess, bei Verhandlungen mit politisch Verantwortlichen des Gesundheitssystems sowie mit der Sozialversicherung. Dabei setzt die Kammer immer alles daran, die Anliegen der \u00c4rzt*innenschaft einzubringen und letztlich umzusetzen, sei es bei offiziellen Verhandlungsrunden oder auch im Rahmen von bilateralen Gespr\u00e4chen, in Form von Lobbyingma\u00dfnahmen oder auf ausschlie\u00dflich informeller Gespr\u00e4chsebene.&nbsp;<\/p>\n\n\n\n<p>Wir blicken zur\u00fcck auf ein herausforderndes vergangenes Jahr. Das solidarische Gesundheitssystem kommt durch Kostend\u00e4mpfungsma\u00dfahmen immer weiter an den Rand des Zusammenbruchs. Was die Patient*innen an immer l\u00e4nger werdenden Wartezeiten f\u00fcr Operationen und Termine bei Fach\u00e4rzt*innen zu sp\u00fcren bekommen, spiegelt sich bei den \u00c4rzt*innen im Kassensystem und den Spit\u00e4lern in weiter wachsendem Druck wider. Auch 2025 wird die Kammer f\u00fcr \u00c4rztinnen und \u00c4rzte in Wien Fehlentwicklungen konsequent aufzeigen und mit aller Kraft f\u00fcr die Interessen der \u00c4rzt*innen eintreten.&nbsp;<\/p>\n\n\n\n<p>Dass der Druck auf alle im Gesundheitssystem stetig zunimmt, zeigt sich auch in der wachsenden Gewaltbereitschaft von unzufriedenen Patient*innen in den Praxen, Ambulatorien und Spit\u00e4lern. Mit einer Hajek-Umfrage wurden belastbare Fakten erhoben, die Lage ist ernst. Die Kammer f\u00fcr \u00c4rztinnen und \u00c4rzte in Wien setzt sich f\u00fcr die Sicherheit der \u00c4rzt*innenschaft und der Patient*innen ein und ruft die Politik auf, die Arbeitsbedingungen im Gesundheitssystem zu verbessern, um die Wartezeiten f\u00fcr die Bev\u00f6lkerungen zu verk\u00fcrzen und so Druck aus dem System zu nehmen.<\/p>\n<\/div>\n\n\n\n<div class=\"wp-block-column is-layout-flow wp-block-column-is-layout-flow\">\n<p>Der Wiener Spitalsbereich war auch im Jahr 2024 stark in Bewegung, die Komplettschlie\u00dfung des Lorenz-B\u00f6hler-Krankenhauses konnte nur durch den entschiedenen Protest der Kammer f\u00fcr \u00c4rztinnen und \u00c4rzte in Wien, des Betriebsrats und der Belegschaft des Spitals verhindert werden. Dieser Einsatz war essenziell f\u00fcr die unfallchirurgische Versorgung der Stadt.&nbsp;<\/p>\n\n\n<div  class=\"akw-block-spacing akw-block-spacing--017c8ead1ab06ce480d9a6a94847242b\"><\/div>\n<style>\n            .akw-block-spacing--017c8ead1ab06ce480d9a6a94847242b {\n            height: 5px;\n        }\n        <\/style>\n\n\n<blockquote class=\"wp-block-quote is-layout-flow wp-block-quote-is-layout-flow\">\n<p>Die Kammer f\u00fcr \u00c4rztinnen und \u00c4rzte in Wien setzt sich f\u00fcr die Sicherheit der \u00c4rzt*innenschaft und Patient*innen ein.<\/p>\n<\/blockquote>\n\n\n<div  class=\"akw-block-spacing akw-block-spacing--017c8ead1ab06ce480d9a6a94847242b\"><\/div>\n<style>\n            .akw-block-spacing--017c8ead1ab06ce480d9a6a94847242b {\n            height: 5px;\n        }\n        <\/style>\n\n\n<p>Mit der Initiative \u201eAuf geht\u2019s \u2013 in eine sichere Gesundheitsversorgung\u201c pr\u00e4sentierte die Kammer f\u00fcr \u00c4rztinnen und \u00c4rzte in Wien einen Forderungskatalog an die Politik, um das kriselnde Gesundheitssystem aus der Negativspirale zu f\u00fchren. Denn Wien und \u00d6sterreich sind neben dem R\u00fcckgang an Kassen\u00e4rzt*innen seit Jahren mit der Entwicklung einer immer \u00e4lter werdenden und in Wien besonders stark wachsenden Bev\u00f6lkerung konfrontiert. Ein gef\u00e4hrliches Ungleichgewicht, das unbedingt behoben werden muss, um unser Gesundheitssystem leistungsf\u00e4hig zu erhalten.&nbsp;<\/p>\n\n\n\n<p>Auch im vergangenen Jahr war die Standesvertretung vielfach gefordert. Damit Sie sich eine konkrete Vorstellung von der t\u00e4glichen Arbeit der Kammer f\u00fcr \u00c4rztinnen und \u00c4rzte in Wien machen k\u00f6nnen, pr\u00e4sentieren wir Ihnen den Wahrnehmungsbericht als Leistungs- und Transparenznachweis 2024 \u2013 diesmal neu in digitaler Form.<\/p>\n\n\n<div  class=\"akw-block-media akw-block-media--is-type-image\">\n            <div class=\"akw-responsive-hide-on-mobile\">\n                    <\/div>\n        <div class=\"akw-responsive-visible-on-mobile\">\n                    <\/div>\n        <p class=\"akw-block-media__caption\"><\/p>\n<\/div><\/div>\n<\/div>\n<\/div>\n<\/div>\n\n\n\n<div class=\"wp-block-columns is-layout-flex wp-container-core-columns-is-layout-28f84493 wp-block-columns-is-layout-flex\">\n<div class=\"wp-block-column is-layout-flow wp-block-column-is-layout-flow\"><div  class=\"akw-block-media akw-block-media--is-type-image\">\n            <div class=\"akw-responsive-hide-on-mobile\">\n                    <\/div>\n        <div class=\"akw-responsive-visible-on-mobile\">\n                    <\/div>\n        <p class=\"akw-block-media__caption\"><\/p>\n<\/div>\n\n<div  class=\"akw-block-media akw-block-media--is-type-image\">\n            <div class=\"akw-responsive-hide-on-mobile\">\n            <img loading=\"lazy\" decoding=\"async\" width=\"1229\" height=\"1471\" src=\"https:\/\/wahrnehmungsbericht.aekwien.at\/2024\/wp-content\/uploads\/2025\/03\/Freisteller-VORWORT-Pra\u2560esident-Johannes-Steinhart-Credit-Anna-Rauchenberger-1300-x-750.jpg\" class=\"attachment-full size-full\" alt=\"\" srcset=\"https:\/\/wahrnehmungsbericht.aekwien.at\/2024\/wp-content\/uploads\/2025\/03\/Freisteller-VORWORT-Pra\u2560esident-Johannes-Steinhart-Credit-Anna-Rauchenberger-1300-x-750.jpg 1229w, https:\/\/wahrnehmungsbericht.aekwien.at\/2024\/wp-content\/uploads\/2025\/03\/Freisteller-VORWORT-Pra\u2560esident-Johannes-Steinhart-Credit-Anna-Rauchenberger-1300-x-750-251x300.jpg 251w, https:\/\/wahrnehmungsbericht.aekwien.at\/2024\/wp-content\/uploads\/2025\/03\/Freisteller-VORWORT-Pra\u2560esident-Johannes-Steinhart-Credit-Anna-Rauchenberger-1300-x-750-856x1024.jpg 856w, https:\/\/wahrnehmungsbericht.aekwien.at\/2024\/wp-content\/uploads\/2025\/03\/Freisteller-VORWORT-Pra\u2560esident-Johannes-Steinhart-Credit-Anna-Rauchenberger-1300-x-750-768x919.jpg 768w\" sizes=\"auto, (max-width: 1229px) 100vw, 1229px\" \/>        <\/div>\n        <div class=\"akw-responsive-visible-on-mobile\">\n            <img loading=\"lazy\" decoding=\"async\" width=\"1229\" height=\"1471\" src=\"https:\/\/wahrnehmungsbericht.aekwien.at\/2024\/wp-content\/uploads\/2025\/03\/Freisteller-VORWORT-Pra\u2560esident-Johannes-Steinhart-Credit-Anna-Rauchenberger-1300-x-750.jpg\" class=\"attachment-full size-full\" alt=\"\" srcset=\"https:\/\/wahrnehmungsbericht.aekwien.at\/2024\/wp-content\/uploads\/2025\/03\/Freisteller-VORWORT-Pra\u2560esident-Johannes-Steinhart-Credit-Anna-Rauchenberger-1300-x-750.jpg 1229w, https:\/\/wahrnehmungsbericht.aekwien.at\/2024\/wp-content\/uploads\/2025\/03\/Freisteller-VORWORT-Pra\u2560esident-Johannes-Steinhart-Credit-Anna-Rauchenberger-1300-x-750-251x300.jpg 251w, https:\/\/wahrnehmungsbericht.aekwien.at\/2024\/wp-content\/uploads\/2025\/03\/Freisteller-VORWORT-Pra\u2560esident-Johannes-Steinhart-Credit-Anna-Rauchenberger-1300-x-750-856x1024.jpg 856w, https:\/\/wahrnehmungsbericht.aekwien.at\/2024\/wp-content\/uploads\/2025\/03\/Freisteller-VORWORT-Pra\u2560esident-Johannes-Steinhart-Credit-Anna-Rauchenberger-1300-x-750-768x919.jpg 768w\" sizes=\"auto, (max-width: 1229px) 100vw, 1229px\" \/>        <\/div>\n        <p class=\"akw-block-media__caption\">Pr\u00e4sident, OMR Dr. Johannes Steinhart<\/p>\n<\/div><\/div>\n\n\n\n<div class=\"wp-block-column is-layout-flow wp-block-column-is-layout-flow\"><div  class=\"akw-block-media akw-block-media--is-type-image\">\n            <div class=\"akw-responsive-hide-on-mobile\">\n                    <\/div>\n        <div class=\"akw-responsive-visible-on-mobile\">\n                    <\/div>\n        <p class=\"akw-block-media__caption\"><\/p>\n<\/div><\/div>\n<\/div>\n\n\n\n<div class=\"wp-block-columns is-layout-flex wp-container-core-columns-is-layout-28f84493 wp-block-columns-is-layout-flex\">\n<div class=\"wp-block-column is-layout-flow wp-block-column-is-layout-flow\"><div  class=\"akw-block-media akw-block-media--is-type-image\">\n            <div class=\"akw-responsive-hide-on-mobile\">\n            <img loading=\"lazy\" decoding=\"async\" width=\"1229\" height=\"1471\" src=\"https:\/\/wahrnehmungsbericht.aekwien.at\/2024\/wp-content\/uploads\/2025\/03\/Freisteller-VORWORT-VP-Naghme-Kamaleyan-Schmied-Credit-Stefan-Seelig-1300-x-750.jpg\" class=\"attachment-full size-full\" alt=\"\" srcset=\"https:\/\/wahrnehmungsbericht.aekwien.at\/2024\/wp-content\/uploads\/2025\/03\/Freisteller-VORWORT-VP-Naghme-Kamaleyan-Schmied-Credit-Stefan-Seelig-1300-x-750.jpg 1229w, https:\/\/wahrnehmungsbericht.aekwien.at\/2024\/wp-content\/uploads\/2025\/03\/Freisteller-VORWORT-VP-Naghme-Kamaleyan-Schmied-Credit-Stefan-Seelig-1300-x-750-251x300.jpg 251w, https:\/\/wahrnehmungsbericht.aekwien.at\/2024\/wp-content\/uploads\/2025\/03\/Freisteller-VORWORT-VP-Naghme-Kamaleyan-Schmied-Credit-Stefan-Seelig-1300-x-750-856x1024.jpg 856w, https:\/\/wahrnehmungsbericht.aekwien.at\/2024\/wp-content\/uploads\/2025\/03\/Freisteller-VORWORT-VP-Naghme-Kamaleyan-Schmied-Credit-Stefan-Seelig-1300-x-750-768x919.jpg 768w\" sizes=\"auto, (max-width: 1229px) 100vw, 1229px\" \/>        <\/div>\n        <div class=\"akw-responsive-visible-on-mobile\">\n            <img loading=\"lazy\" decoding=\"async\" width=\"1229\" height=\"1471\" src=\"https:\/\/wahrnehmungsbericht.aekwien.at\/2024\/wp-content\/uploads\/2025\/03\/Freisteller-VORWORT-VP-Naghme-Kamaleyan-Schmied-Credit-Stefan-Seelig-1300-x-750.jpg\" class=\"attachment-full size-full\" alt=\"\" srcset=\"https:\/\/wahrnehmungsbericht.aekwien.at\/2024\/wp-content\/uploads\/2025\/03\/Freisteller-VORWORT-VP-Naghme-Kamaleyan-Schmied-Credit-Stefan-Seelig-1300-x-750.jpg 1229w, https:\/\/wahrnehmungsbericht.aekwien.at\/2024\/wp-content\/uploads\/2025\/03\/Freisteller-VORWORT-VP-Naghme-Kamaleyan-Schmied-Credit-Stefan-Seelig-1300-x-750-251x300.jpg 251w, https:\/\/wahrnehmungsbericht.aekwien.at\/2024\/wp-content\/uploads\/2025\/03\/Freisteller-VORWORT-VP-Naghme-Kamaleyan-Schmied-Credit-Stefan-Seelig-1300-x-750-856x1024.jpg 856w, https:\/\/wahrnehmungsbericht.aekwien.at\/2024\/wp-content\/uploads\/2025\/03\/Freisteller-VORWORT-VP-Naghme-Kamaleyan-Schmied-Credit-Stefan-Seelig-1300-x-750-768x919.jpg 768w\" sizes=\"auto, (max-width: 1229px) 100vw, 1229px\" \/>        <\/div>\n        <p class=\"akw-block-media__caption\">Vizepr\u00e4sidentin und Obfrau der Kurie niedergelassene \u00c4rzte, Dr.<sup>in<\/sup> Naghme Kamaleyan-Schmied <\/p>\n<\/div><\/div>\n\n\n\n<div class=\"wp-block-column is-layout-flow wp-block-column-is-layout-flow\"><div  class=\"akw-block-media akw-block-media--is-type-image\">\n            <div class=\"akw-responsive-hide-on-mobile\">\n            <img loading=\"lazy\" decoding=\"async\" width=\"1000\" height=\"1197\" src=\"https:\/\/wahrnehmungsbericht.aekwien.at\/2024\/wp-content\/uploads\/2025\/03\/Freisteller-VORWORT-VP-Dr-Eduardo-Maldonado-Gonzalez-7047-1300-x-750-e1742214429842.jpg\" class=\"attachment-full size-full\" alt=\"\" \/>        <\/div>\n        <div class=\"akw-responsive-visible-on-mobile\">\n            <img loading=\"lazy\" decoding=\"async\" width=\"1000\" height=\"1197\" src=\"https:\/\/wahrnehmungsbericht.aekwien.at\/2024\/wp-content\/uploads\/2025\/03\/Freisteller-VORWORT-VP-Dr-Eduardo-Maldonado-Gonzalez-7047-1300-x-750-e1742214429842.jpg\" class=\"attachment-full size-full\" alt=\"\" \/>        <\/div>\n        <p class=\"akw-block-media__caption\">Vizepr\u00e4sident und Obmann der Kurie angestellte \u00c4rzte, Dr. Eduardo Maldonado Gonz\u00e1lez<\/p>\n<\/div><\/div>\n<\/div>\n\n\n\n<div class=\"wp-block-columns is-layout-flex wp-container-core-columns-is-layout-28f84493 wp-block-columns-is-layout-flex\">\n<div class=\"wp-block-column is-layout-flow wp-block-column-is-layout-flow\"><div  class=\"akw-block-media akw-block-media--is-type-image\">\n            <div class=\"akw-responsive-hide-on-mobile\">\n            <img loading=\"lazy\" decoding=\"async\" width=\"1229\" height=\"1471\" src=\"https:\/\/wahrnehmungsbericht.aekwien.at\/2024\/wp-content\/uploads\/2025\/03\/Freisteller-VORWORT-Kammeramtsdirektorin-Melody-Buchegger-Golabi-Credit-Oliver-Topf-1300-x-750.jpg\" class=\"attachment-full size-full\" alt=\"\" srcset=\"https:\/\/wahrnehmungsbericht.aekwien.at\/2024\/wp-content\/uploads\/2025\/03\/Freisteller-VORWORT-Kammeramtsdirektorin-Melody-Buchegger-Golabi-Credit-Oliver-Topf-1300-x-750.jpg 1229w, https:\/\/wahrnehmungsbericht.aekwien.at\/2024\/wp-content\/uploads\/2025\/03\/Freisteller-VORWORT-Kammeramtsdirektorin-Melody-Buchegger-Golabi-Credit-Oliver-Topf-1300-x-750-251x300.jpg 251w, https:\/\/wahrnehmungsbericht.aekwien.at\/2024\/wp-content\/uploads\/2025\/03\/Freisteller-VORWORT-Kammeramtsdirektorin-Melody-Buchegger-Golabi-Credit-Oliver-Topf-1300-x-750-856x1024.jpg 856w, https:\/\/wahrnehmungsbericht.aekwien.at\/2024\/wp-content\/uploads\/2025\/03\/Freisteller-VORWORT-Kammeramtsdirektorin-Melody-Buchegger-Golabi-Credit-Oliver-Topf-1300-x-750-768x919.jpg 768w\" sizes=\"auto, (max-width: 1229px) 100vw, 1229px\" \/>        <\/div>\n        <div class=\"akw-responsive-visible-on-mobile\">\n            <img loading=\"lazy\" decoding=\"async\" width=\"1229\" height=\"1471\" src=\"https:\/\/wahrnehmungsbericht.aekwien.at\/2024\/wp-content\/uploads\/2025\/03\/Freisteller-VORWORT-Kammeramtsdirektorin-Melody-Buchegger-Golabi-Credit-Oliver-Topf-1300-x-750.jpg\" class=\"attachment-full size-full\" alt=\"\" srcset=\"https:\/\/wahrnehmungsbericht.aekwien.at\/2024\/wp-content\/uploads\/2025\/03\/Freisteller-VORWORT-Kammeramtsdirektorin-Melody-Buchegger-Golabi-Credit-Oliver-Topf-1300-x-750.jpg 1229w, https:\/\/wahrnehmungsbericht.aekwien.at\/2024\/wp-content\/uploads\/2025\/03\/Freisteller-VORWORT-Kammeramtsdirektorin-Melody-Buchegger-Golabi-Credit-Oliver-Topf-1300-x-750-251x300.jpg 251w, https:\/\/wahrnehmungsbericht.aekwien.at\/2024\/wp-content\/uploads\/2025\/03\/Freisteller-VORWORT-Kammeramtsdirektorin-Melody-Buchegger-Golabi-Credit-Oliver-Topf-1300-x-750-856x1024.jpg 856w, https:\/\/wahrnehmungsbericht.aekwien.at\/2024\/wp-content\/uploads\/2025\/03\/Freisteller-VORWORT-Kammeramtsdirektorin-Melody-Buchegger-Golabi-Credit-Oliver-Topf-1300-x-750-768x919.jpg 768w\" sizes=\"auto, (max-width: 1229px) 100vw, 1229px\" \/>        <\/div>\n        <p class=\"akw-block-media__caption\">Kammeramtsdirektorin, Melody Buchegger-Golabi, BA MA, LL.M. (Medical Law)<\/p>\n<\/div><\/div>\n\n\n\n<div class=\"wp-block-column is-layout-flow wp-block-column-is-layout-flow\"><div  class=\"akw-block-media akw-block-media--is-type-image\">\n            <div class=\"akw-responsive-hide-on-mobile\">\n            <img loading=\"lazy\" decoding=\"async\" width=\"1229\" height=\"1471\" src=\"https:\/\/wahrnehmungsbericht.aekwien.at\/2024\/wp-content\/uploads\/2025\/03\/Freisteller-VORWORT-Generalsekreta\u2560er-Thomas-Holzgruber-Credit-Stefan-Seelig-1300-x-750.jpg\" class=\"attachment-full size-full\" alt=\"\" srcset=\"https:\/\/wahrnehmungsbericht.aekwien.at\/2024\/wp-content\/uploads\/2025\/03\/Freisteller-VORWORT-Generalsekreta\u2560er-Thomas-Holzgruber-Credit-Stefan-Seelig-1300-x-750.jpg 1229w, https:\/\/wahrnehmungsbericht.aekwien.at\/2024\/wp-content\/uploads\/2025\/03\/Freisteller-VORWORT-Generalsekreta\u2560er-Thomas-Holzgruber-Credit-Stefan-Seelig-1300-x-750-251x300.jpg 251w, https:\/\/wahrnehmungsbericht.aekwien.at\/2024\/wp-content\/uploads\/2025\/03\/Freisteller-VORWORT-Generalsekreta\u2560er-Thomas-Holzgruber-Credit-Stefan-Seelig-1300-x-750-856x1024.jpg 856w, https:\/\/wahrnehmungsbericht.aekwien.at\/2024\/wp-content\/uploads\/2025\/03\/Freisteller-VORWORT-Generalsekreta\u2560er-Thomas-Holzgruber-Credit-Stefan-Seelig-1300-x-750-768x919.jpg 768w\" sizes=\"auto, (max-width: 1229px) 100vw, 1229px\" \/>        <\/div>\n        <div class=\"akw-responsive-visible-on-mobile\">\n            <img loading=\"lazy\" decoding=\"async\" width=\"1229\" height=\"1471\" src=\"https:\/\/wahrnehmungsbericht.aekwien.at\/2024\/wp-content\/uploads\/2025\/03\/Freisteller-VORWORT-Generalsekreta\u2560er-Thomas-Holzgruber-Credit-Stefan-Seelig-1300-x-750.jpg\" class=\"attachment-full size-full\" alt=\"\" srcset=\"https:\/\/wahrnehmungsbericht.aekwien.at\/2024\/wp-content\/uploads\/2025\/03\/Freisteller-VORWORT-Generalsekreta\u2560er-Thomas-Holzgruber-Credit-Stefan-Seelig-1300-x-750.jpg 1229w, https:\/\/wahrnehmungsbericht.aekwien.at\/2024\/wp-content\/uploads\/2025\/03\/Freisteller-VORWORT-Generalsekreta\u2560er-Thomas-Holzgruber-Credit-Stefan-Seelig-1300-x-750-251x300.jpg 251w, https:\/\/wahrnehmungsbericht.aekwien.at\/2024\/wp-content\/uploads\/2025\/03\/Freisteller-VORWORT-Generalsekreta\u2560er-Thomas-Holzgruber-Credit-Stefan-Seelig-1300-x-750-856x1024.jpg 856w, https:\/\/wahrnehmungsbericht.aekwien.at\/2024\/wp-content\/uploads\/2025\/03\/Freisteller-VORWORT-Generalsekreta\u2560er-Thomas-Holzgruber-Credit-Stefan-Seelig-1300-x-750-768x919.jpg 768w\" sizes=\"auto, (max-width: 1229px) 100vw, 1229px\" \/>        <\/div>\n        <p class=\"akw-block-media__caption\">Generalsekret\u00e4r, Hofrat Dr. Thomas Holzgruber<\/p>\n<\/div><\/div>\n<\/div>\n","protected":false},"excerpt":{"rendered":"<p>Sehr geehrte Kolleg*Innen! Die Kammer f\u00fcr \u00c4rztinnen und \u00c4rzte in Wien mit ihren Funktion\u00e4r*innen und Mitarbeiter*innen als Interessenvertretung aller Wiener \u00c4rzt*innen ist ein entscheidender Faktor bei gesundheitspolitischen Entscheidungen \u2013 und zwar auf Landes- wie auch auf Bundesebene. Sie gestaltet den gesundheitspolitischen Weg unserer Stadt und auch \u00d6sterreichs eindrucksvoll, und das im Gesetzgebungsprozess, bei Verhandlungen mit [&hellip;]<\/p>\n","protected":false},"author":1,"featured_media":0,"parent":0,"menu_order":0,"comment_status":"closed","ping_status":"closed","template":"","meta":{"_acf_changed":false,"footnotes":""},"class_list":["post-56","page","type-page","status-publish","hentry"],"acf":[],"_links":{"self":[{"href":"https:\/\/wahrnehmungsbericht.aekwien.at\/2024\/wp-json\/wp\/v2\/pages\/56","targetHints":{"allow":["GET"]}}],"collection":[{"href":"https:\/\/wahrnehmungsbericht.aekwien.at\/2024\/wp-json\/wp\/v2\/pages"}],"about":[{"href":"https:\/\/wahrnehmungsbericht.aekwien.at\/2024\/wp-json\/wp\/v2\/types\/page"}],"author":[{"embeddable":true,"href":"https:\/\/wahrnehmungsbericht.aekwien.at\/2024\/wp-json\/wp\/v2\/users\/1"}],"replies":[{"embeddable":true,"href":"https:\/\/wahrnehmungsbericht.aekwien.at\/2024\/wp-json\/wp\/v2\/comments?post=56"}],"version-history":[{"count":10,"href":"https:\/\/wahrnehmungsbericht.aekwien.at\/2024\/wp-json\/wp\/v2\/pages\/56\/revisions"}],"predecessor-version":[{"id":1951,"href":"https:\/\/wahrnehmungsbericht.aekwien.at\/2024\/wp-json\/wp\/v2\/pages\/56\/revisions\/1951"}],"wp:attachment":[{"href":"https:\/\/wahrnehmungsbericht.aekwien.at\/2024\/wp-json\/wp\/v2\/media?parent=56"}],"curies":[{"name":"wp","href":"https:\/\/api.w.org\/{rel}","templated":true}]}}